{"id":64,"date":"2023-12-04T18:52:51","date_gmt":"2023-12-04T17:52:51","guid":{"rendered":"https:\/\/sopockidomsopot.pl\/?page_id=64"},"modified":"2026-03-15T16:10:38","modified_gmt":"2026-03-15T15:10:38","slug":"kadra","status":"publish","type":"page","link":"https:\/\/sopockidomsopot.pl\/?page_id=64","title":{"rendered":"Nasza Kadra"},"content":{"rendered":"\n<h2 class=\"wp-block-heading has-text-align-center\">Zarz\u0105d Stowarzyszenia Sopocki Dom<\/h2>\n\n\n\n<p class=\"has-text-align-center\">Natalia Ewa Czerwi\u0144ska- Prezes Stowarzyszenia Sopocki Dom<\/p>\n\n\n\n<p class=\"has-text-align-center\">Monika Anna Pawlikowska- Wiceprezes Stowarzyszenia Sopocki Dom<\/p>\n\n\n\n<p class=\"has-text-align-center\">Sylwia Agnieszka K\u0119dra- Wiceprezes Stowarzyszenia Sopocki Dom<\/p>\n\n\n\n<p class=\"has-text-align-center\">Janina Ma\u0142gorzata Czerwi\u0144ska- Wiceprezes Stowarzyszenia Sopocki Dom<\/p>\n\n\n\n<p><\/p>\n\n\n\n<h1 class=\"wp-block-heading has-text-align-center\">Kilka s\u0142\u00f3w o Nas \ud83d\ude09<\/h1>\n\n\n\n<h3 class=\"wp-block-heading has-text-align-center\">Pedagogach z wielkimi sercami, na co dzie\u0144 pracuj\u0105cych w Naszej \u015bwietlicy.<\/h3>\n\n\n\n<h3 class=\"wp-block-heading has-text-align-center\"><span class=\"x1xsqp64 xiy17q3 x1o6pynw x19co3pv xdj266r xcwd3tp xat24cr x39eecv x2b8uid\" data-testid=\"emoji\"><span class=\"xexx8yu xn5pp95 x18d9i69 x2fxd7x x1yqt14a x1bhl96m\">\ud83c\udf40\ud83c\udf40\ud83c\udf40\ud83c\udf40\ud83c\udf40\ud83c\udf40\ud83c\udf40\ud83c\udf40\ud83c\udf40\ud83c\udf40\ud83c\udf40\ud83c\udf40\ud83c\udf40\ud83c\udf40\ud83c\udf40\ud83c\udf40\ud83c\udf40\ud83c\udf40\ud83c\udf40\ud83c\udf40\ud83c\udf40\ud83c\udf40\ud83c\udf40\ud83c\udf40<\/span><\/span><\/h3>\n\n\n\n<h3 class=\"wp-block-heading has-text-align-center\">Daniela Machnikowska\u2013 kierownik \u015awietlicy prowadzonej przez Stowarzyszenie Sopocki Dom. Absolwentka studi\u00f3w I stopnia na kierunku pedagogika wczesnej edukacji z terapi\u0105 pedagogiczn\u0105 oraz studi\u00f3w II stopnia na kierunku pedagogika opieku\u0144czo-wychowawcza. Lubi prac\u0119 z lud\u017ami, a szczeg\u00f3lnie z dzie\u0107mi. Sprawia jej to du\u017co satysfakcji. Uko\u0144czy\u0142a Studium Przeciwdzia\u0142ania Przemocy. Prywatnie uwielbia wydarzenia kulturalne.<\/h3>\n\n\n\n<p class=\"has-text-align-center\">&nbsp;\ud83c\udf40\ud83c\udf40\ud83c\udf40\ud83c\udf40\ud83c\udf40\ud83c\udf40\ud83c\udf40\ud83c\udf40\ud83c\udf40\ud83c\udf40\ud83c\udf40\ud83c\udf40\ud83c\udf40\ud83c\udf40\ud83c\udf40\ud83c\udf40\ud83c\udf40\ud83c\udf40\ud83c\udf40\ud83c\udf40\ud83c\udf40\ud83c\udf40\ud83c\udf40\ud83c\udf40\ud83c\udf40\ud83c\udf40\ud83c\udf40\ud83c\udf40<\/p>\n\n\n\n<h3 class=\"wp-block-heading has-text-align-center\"><strong>Anna Wnukowska\u2013 absolwentka studi\u00f3w I stopnia na kierunku Pedagogika (specjalno\u015b\u0107&nbsp; Profilaktyka spo\u0142eczna z resocjalizacj\u0105), studi\u00f3w studi\u00f3w II stopnia na kierunku Praca Socjalna (specjalno\u015b\u0107 Animator spo\u0142eczno\u015bci lokalnej) oraz studi\u00f3w podyplomowych na kierunku Psychotraumatologia. Uko\u0144czy\u0142a Studium Przeciwdzia\u0142ania Przemocy. Prywatnie lubi d\u0142ugie spacery i sp\u0119dzanie czasu z bliskimi na \u015bwie\u017cym powietrzu. W \u015bwietlicy pracuje jako wychowawca, obs\u0142uguje socialmedia oraz koordynuje wolontariat. <\/strong>Pe\u0142ni funkcj\u0119 zast\u0119pcy kierownika.<\/h3>\n\n\n\n<p class=\"has-text-align-center\">\ud83c\udf40\ud83c\udf40\ud83c\udf40\ud83c\udf40\ud83c\udf40\ud83c\udf40\ud83c\udf40\ud83c\udf40\ud83c\udf40\ud83c\udf40\ud83c\udf40\ud83c\udf40\ud83c\udf40\ud83c\udf40\ud83c\udf40\ud83c\udf40\ud83c\udf40\ud83c\udf40\ud83c\udf40\ud83c\udf40\ud83c\udf40\ud83c\udf40\ud83c\udf40\ud83c\udf40\ud83c\udf40\ud83c\udf40\ud83c\udf40\ud83c\udf40<\/p>\n\n\n\n<h3 class=\"wp-block-heading has-text-align-center\">Justyna Gleba -absolwentka Uniwersytetu Gda\u0144skiego na kierunku Pedagogika. W wolnym czasie lubi\u0105ca czyta\u0107 ksi\u0105\u017cki.<\/h3>\n\n\n\n<p class=\"has-text-align-center has-luminous-vivid-orange-color has-text-color has-link-color wp-elements-747544e9b53b98ce349900cb47b02fe5\">\ud83c\udf40\ud83c\udf40\ud83c\udf40\ud83c\udf40\ud83c\udf40\ud83c\udf40\ud83c\udf40\ud83c\udf40\ud83c\udf40\ud83c\udf40\ud83c\udf40\ud83c\udf40\ud83c\udf40\ud83c\udf40\ud83c\udf40\ud83c\udf40\ud83c\udf40\ud83c\udf40\ud83c\udf40\ud83c\udf40\ud83c\udf40\ud83c\udf40\ud83c\udf40\ud83c\udf40\ud83c\udf40\ud83c\udf40\ud83c\udf40<\/p>\n\n\n\n<h3 class=\"wp-block-heading has-text-align-center\"><strong>Patrycja Kapczy\u0144ska \u2013 absolwentka Uniwersytetu WSB Merito w Gda\u0144sku, studi\u00f3w l stopnia na kierunku Pedagogika specjalno\u015b\u0107: Terapia pedagogiczna z elementami arteterapii. W \u015bwietlicy pracuje jako wychowawca. Prywatnie kocha zwierz\u0119ta, sztuk\u0119 i podr\u00f3\u017ce na w\u0142asn\u0105 r\u0119k\u0119.<\/strong><\/h3>\n\n\n\n<p class=\"has-text-align-center\">\ud83c\udf40\ud83c\udf40\ud83c\udf40\ud83c\udf40\ud83c\udf40\ud83c\udf40\ud83c\udf40\ud83c\udf40\ud83c\udf40\ud83c\udf40\ud83c\udf40\ud83c\udf40\ud83c\udf40\ud83c\udf40\ud83c\udf40\ud83c\udf40\ud83c\udf40\ud83c\udf40\ud83c\udf40\ud83c\udf40\ud83c\udf40\ud83c\udf40\ud83c\udf40\ud83c\udf40\ud83c\udf40\ud83c\udf40\ud83c\udf40\ud83c\udf40<\/p>\n\n\n\n<h3 class=\"wp-block-heading has-text-align-center\">Miriam Bronk \u2013 pedagog opieku\u0144czo- wychowawczy, wychowawca kolonijny i obozowy dzieci i m\u0142odzie\u017cy, animator zabaw, terapeuta r\u0119ki, organizatorka licznych warsztat\u00f3w dla dzieci i rodzic\u00f3w z Tr\u00f3jmiasta. Zdobywa\u0142a do\u015bwiadczenie jako wolontariuszka Caritas, wychowawca \u015bwietlicy szkolnej i koordynatorka  projekt\u00f3w spo\u0142ecznych dla mieszka\u0144c\u00f3w Miasta Gda\u0144ska. Cz\u0142onkini Fundacji Relacja? Naturalnie. Uwielbia zabawy kreatywne, plastyczne, gotowanie. Kolekcjonuje widok\u00f3wki i lubi zg\u0142\u0119bia\u0107 histori\u0119 Trojmiasta. Prywatnie mama trojga dzieci.<\/h3>\n\n\n\n<p><\/p>\n\n\n\n<p class=\"has-text-align-center\">\ud83c\udf40\ud83c\udf40\ud83c\udf40\ud83c\udf40\ud83c\udf40\ud83c\udf40\ud83c\udf40\ud83c\udf40\ud83c\udf40\ud83c\udf40\ud83c\udf40\ud83c\udf40\ud83c\udf40\ud83c\udf40\ud83c\udf40\ud83c\udf40\ud83c\udf40\ud83c\udf40\ud83c\udf40\ud83c\udf40\ud83c\udf40\ud83c\udf40\ud83c\udf40\ud83c\udf40\ud83c\udf40\ud83c\udf40\ud83c\udf40\ud83c\udf40\ud83c\udf40<\/p>\n\n\n\n<h2 class=\"wp-block-heading has-text-align-center\">Specjali\u015bci prowadz\u0105cy zaj\u0119cia w \u015awietlicy<\/h2>\n\n\n\n<p class=\"has-text-align-center\">Psycholog- Ma\u0142gorzata Kruszy\u0144ska<\/p>\n\n\n\n<p class=\"has-text-align-center\">Logopedia- Aleksandra Lesko<\/p>\n\n\n\n<p class=\"has-text-align-center\">Terapia pedagogiczna- Patrycja Kapczy\u0144ska<\/p>\n\n\n\n<p class=\"has-text-align-center\">Socjoterapia- Ilona Hamerska<\/p>\n\n\n\n<p class=\"has-text-align-center\">Trening Umiej\u0119tno\u015bci Spo\u0142ecznych &#8211; Natalia Czerwi\u0144ska, Monika Pawlikowska<\/p>\n\n\n\n<p class=\"has-text-align-center\">Zaj\u0119cia Taneczno- Ruchowe (zumba) &#8211; Julia Kr\u0119\u017cel<\/p>\n\n\n\n<p class=\"has-text-align-center\">Zaj\u0119cia sportowe- Bogus\u0142aw Saganowski<\/p>\n\n\n\n<p class=\"has-text-align-center\">Zaj\u0119cia le\u015bne -Monika Kulpi\u0144ska Chamera<\/p>\n\n\n\n<p class=\"has-text-align-center\">Terapia kr\u00f3tkoterminowa -Sebastian  Chiliczkowski<\/p>\n\n\n\n<p><\/p>\n","protected":false},"excerpt":{"rendered":"<p>Zarz\u0105d Stowarzyszenia Sopocki Dom Natalia Ewa Czerwi\u0144ska- Prezes Stowarzyszenia Sopocki Dom Monika Anna Pawlikowska- Wiceprezes Stowarzyszenia Sopocki Dom Sylwia Agnieszka K\u0119dra- Wiceprezes Stowarzyszenia Sopocki Dom Janina Ma\u0142gorzata Czerwi\u0144ska- Wiceprezes Stowarzyszenia Sopocki Dom Kilka s\u0142\u00f3w o Nas \ud83d\ude09 Pedagogach z wielkimi sercami, na co dzie\u0144 pracuj\u0105cych w Naszej \u015bwietlicy. \ud83c\udf40\ud83c\udf40\ud83c\udf40\ud83c\udf40\ud83c\udf40\ud83c\udf40\ud83c\udf40\ud83c\udf40\ud83c\udf40\ud83c\udf40\ud83c\udf40\ud83c\udf40\ud83c\udf40\ud83c\udf40\ud83c\udf40\ud83c\udf40\ud83c\udf40\ud83c\udf40\ud83c\udf40\ud83c\udf40\ud83c\udf40\ud83c\udf40\ud83c\udf40\ud83c\udf40 Daniela Machnikowska\u2013 kierownik \u015awietlicy prowadzonej przez [&hellip;]<\/p>\n","protected":false},"author":1,"featured_media":0,"parent":0,"menu_order":0,"comment_status":"closed","ping_status":"closed","template":"","meta":{"footnotes":""},"class_list":["post-64","page","type-page","status-publish","hentry","post"],"_links":{"self":[{"href":"https:\/\/sopockidomsopot.pl\/index.php?rest_route=\/wp\/v2\/pages\/64","targetHints":{"allow":["GET"]}}],"collection":[{"href":"https:\/\/sopockidomsopot.pl\/index.php?rest_route=\/wp\/v2\/pages"}],"about":[{"href":"https:\/\/sopockidomsopot.pl\/index.php?rest_route=\/wp\/v2\/types\/page"}],"author":[{"embeddable":true,"href":"https:\/\/sopockidomsopot.pl\/index.php?rest_route=\/wp\/v2\/users\/1"}],"replies":[{"embeddable":true,"href":"https:\/\/sopockidomsopot.pl\/index.php?rest_route=%2Fwp%2Fv2%2Fcomments&post=64"}],"version-history":[{"count":19,"href":"https:\/\/sopockidomsopot.pl\/index.php?rest_route=\/wp\/v2\/pages\/64\/revisions"}],"predecessor-version":[{"id":175,"href":"https:\/\/sopockidomsopot.pl\/index.php?rest_route=\/wp\/v2\/pages\/64\/revisions\/175"}],"wp:attachment":[{"href":"https:\/\/sopockidomsopot.pl\/index.php?rest_route=%2Fwp%2Fv2%2Fmedia&parent=64"}],"curies":[{"name":"wp","href":"https:\/\/api.w.org\/{rel}","templated":true}]}}