{"id":62,"date":"2023-12-04T18:52:22","date_gmt":"2023-12-04T17:52:22","guid":{"rendered":"https:\/\/sopockidomsopot.pl\/?page_id=62"},"modified":"2024-01-09T22:18:43","modified_gmt":"2024-01-09T21:18:43","slug":"misja","status":"publish","type":"page","link":"https:\/\/sopockidomsopot.pl\/?page_id=62","title":{"rendered":"Misja"},"content":{"rendered":"<h3 style=\"text-align: center;\">G\u0142\u00f3wnym celem plac\u00f3wki wsparcia dziennego prowadzonej przez Stowarzyszenie Sopocki Dom jest prowadzenie dzia\u0142alno\u015bci spo\u0142ecznie u\u017cytecznej, poprzez wszechstronn\u0105 pomoc \u015bwiadczon\u0105 g\u0142\u00f3wnie na rzecz dzieci i m\u0142odzie\u017cy oraz ich rodzin, b\u0119d\u0105cych w trudnej sytuacji \u017cyciowej, zagro\u017conych wykluczeniem spo\u0142ecznym, nieprzystosowanych spo\u0142ecznie, z rodzin dysfunkcyjnych, \u015brodowisk spo\u0142ecznie zaniedbanych oraz wyr\u00f3wnanie szans tych rodzin.<\/h3>\n","protected":false},"excerpt":{"rendered":"<p>G\u0142\u00f3wnym celem plac\u00f3wki wsparcia dziennego prowadzonej przez Stowarzyszenie Sopocki Dom jest prowadzenie dzia\u0142alno\u015bci spo\u0142ecznie u\u017cytecznej, poprzez wszechstronn\u0105 pomoc \u015bwiadczon\u0105 g\u0142\u00f3wnie na rzecz dzieci i m\u0142odzie\u017cy oraz ich rodzin, b\u0119d\u0105cych w trudnej sytuacji \u017cyciowej, zagro\u017conych wykluczeniem spo\u0142ecznym, nieprzystosowanych spo\u0142ecznie, z rodzin dysfunkcyjnych, \u015brodowisk spo\u0142ecznie zaniedbanych oraz wyr\u00f3wnanie szans tych rodzin.<\/p>\n","protected":false},"author":1,"featured_media":99,"parent":0,"menu_order":0,"comment_status":"closed","ping_status":"closed","template":"","meta":{"footnotes":""},"class_list":["post-62","page","type-page","status-publish","has-post-thumbnail","hentry","post","post-with-thumbnail","post-with-thumbnail-large"],"_links":{"self":[{"href":"https:\/\/sopockidomsopot.pl\/index.php?rest_route=\/wp\/v2\/pages\/62","targetHints":{"allow":["GET"]}}],"collection":[{"href":"https:\/\/sopockidomsopot.pl\/index.php?rest_route=\/wp\/v2\/pages"}],"about":[{"href":"https:\/\/sopockidomsopot.pl\/index.php?rest_route=\/wp\/v2\/types\/page"}],"author":[{"embeddable":true,"href":"https:\/\/sopockidomsopot.pl\/index.php?rest_route=\/wp\/v2\/users\/1"}],"replies":[{"embeddable":true,"href":"https:\/\/sopockidomsopot.pl\/index.php?rest_route=%2Fwp%2Fv2%2Fcomments&post=62"}],"version-history":[{"count":5,"href":"https:\/\/sopockidomsopot.pl\/index.php?rest_route=\/wp\/v2\/pages\/62\/revisions"}],"predecessor-version":[{"id":109,"href":"https:\/\/sopockidomsopot.pl\/index.php?rest_route=\/wp\/v2\/pages\/62\/revisions\/109"}],"wp:featuredmedia":[{"embeddable":true,"href":"https:\/\/sopockidomsopot.pl\/index.php?rest_route=\/wp\/v2\/media\/99"}],"wp:attachment":[{"href":"https:\/\/sopockidomsopot.pl\/index.php?rest_route=%2Fwp%2Fv2%2Fmedia&parent=62"}],"curies":[{"name":"wp","href":"https:\/\/api.w.org\/{rel}","templated":true}]}}