{"id":39,"date":"2023-11-02T19:55:26","date_gmt":"2023-11-02T18:55:26","guid":{"rendered":"https:\/\/sopockidomsopot.pl\/?page_id=39"},"modified":"2025-05-10T22:17:55","modified_gmt":"2025-05-10T20:17:55","slug":"oferta","status":"publish","type":"page","link":"https:\/\/sopockidomsopot.pl\/?page_id=39","title":{"rendered":"Oferta"},"content":{"rendered":"<h3>Stowarzyszenie Sopocki Dom realizuje zadania publiczne :<\/h3>\n<h4>Powierzone przez gmin\u0119 miasta Sopotu<\/h4>\n<ul>\n<li>Zadanie prowadzenia plac\u00f3wki wsparcia dziennego (zadanie realizowane w spos\u00f3b ci\u0105g\u0142y od stycznia 2006 roku)<\/li>\n<\/ul>\n<h4>Wsparte przez gmin\u0119 miasta Sopotu:<\/h4>\n<ul>\n<li>Zadania z zakresu profilaktyki i terapii uzale\u017cnie\u0144 \u2013 zadanie realizowane corocznie od 2006 roku<\/li>\n<li>Organizacja letniego i zimowego wypoczynku dla podopiecznych \u2013 zadanie realizowane corocznie od 2006 roku<\/li>\n<\/ul>\n<h4>Ponadto, na przestrzeni lat Stowarzyszenie Sopocki Dom wspiera podopiecznych poprzez realizacj\u0119 zada\u0144 publicznych z zakresu Edukacji , Ochrony i promocji zdrowia oraz Polityki Spo\u0142ecznej.<\/h4>\n<p>Aktualne projekty z zakresu Polityki Spo\u0142ecznej:<\/p>\n<p>1. &#8222;Nowe Horyzonty&#8221;- projekt dla by\u0142ych podopiecznych<\/p>\n<p>2. &#8222;Kultura relacji&#8221;\u00a0 &#8211; klub plansz\u00f3wkowy dla dzieci i m\u0142odzie\u017cy, dni integracyjne dla dzieci i rodzic\u00f3w.<\/p>\n<p style=\"text-align: center;\">\n","protected":false},"excerpt":{"rendered":"<p>Stowarzyszenie Sopocki Dom realizuje zadania publiczne : Powierzone przez gmin\u0119 miasta Sopotu Zadanie prowadzenia plac\u00f3wki wsparcia dziennego (zadanie realizowane w spos\u00f3b ci\u0105g\u0142y od stycznia 2006 roku) Wsparte przez gmin\u0119 miasta Sopotu: Zadania z zakresu profilaktyki i terapii uzale\u017cnie\u0144 \u2013 zadanie realizowane corocznie od 2006 roku Organizacja letniego i zimowego wypoczynku dla podopiecznych \u2013 zadanie realizowane [&hellip;]<\/p>\n","protected":false},"author":1,"featured_media":0,"parent":0,"menu_order":0,"comment_status":"closed","ping_status":"closed","template":"","meta":{"footnotes":""},"class_list":["post-39","page","type-page","status-publish","hentry","post"],"_links":{"self":[{"href":"https:\/\/sopockidomsopot.pl\/index.php?rest_route=\/wp\/v2\/pages\/39","targetHints":{"allow":["GET"]}}],"collection":[{"href":"https:\/\/sopockidomsopot.pl\/index.php?rest_route=\/wp\/v2\/pages"}],"about":[{"href":"https:\/\/sopockidomsopot.pl\/index.php?rest_route=\/wp\/v2\/types\/page"}],"author":[{"embeddable":true,"href":"https:\/\/sopockidomsopot.pl\/index.php?rest_route=\/wp\/v2\/users\/1"}],"replies":[{"embeddable":true,"href":"https:\/\/sopockidomsopot.pl\/index.php?rest_route=%2Fwp%2Fv2%2Fcomments&post=39"}],"version-history":[{"count":4,"href":"https:\/\/sopockidomsopot.pl\/index.php?rest_route=\/wp\/v2\/pages\/39\/revisions"}],"predecessor-version":[{"id":169,"href":"https:\/\/sopockidomsopot.pl\/index.php?rest_route=\/wp\/v2\/pages\/39\/revisions\/169"}],"wp:attachment":[{"href":"https:\/\/sopockidomsopot.pl\/index.php?rest_route=%2Fwp%2Fv2%2Fmedia&parent=39"}],"curies":[{"name":"wp","href":"https:\/\/api.w.org\/{rel}","templated":true}]}}