{"id":124,"date":"2024-08-12T22:39:35","date_gmt":"2024-08-12T20:39:35","guid":{"rendered":"https:\/\/sopockidomsopot.pl\/?page_id=124"},"modified":"2024-08-13T23:00:37","modified_gmt":"2024-08-13T21:00:37","slug":"standardy","status":"publish","type":"page","link":"https:\/\/sopockidomsopot.pl\/?page_id=124","title":{"rendered":"Standardy Ochrony Ma\u0142oletnich"},"content":{"rendered":"<p>Standardy Ochrony Ma\u0142oletnich zosta\u0142y stworzone i wdro\u017cone w trosce o dobro i bezpiecze\u0144stwo ma\u0142oletnich w pe\u0142nym poszanowaniu ich praw i godno\u015bci.<\/p>\n<p>Procedura stanowi zbi\u00f3r zasad, norm i wytycznych maj\u0105cych na celu zagwarantowanie bezpiecze\u0144stwa oraz prawid\u0142owego rozwoju ma\u0142oletnich podopiecznych Stowarzyszenia \u201eSopocki Dom\u201d uczestnicz\u0105cych w realizowanych na terenie plac\u00f3wki dzia\u0142aniach i projektach.<\/p>\n<p>Wprowadzenie niniejszej procedury jest krokiem do stworzenia bezpiecznego \u015brodowiska dla ma\u0142oletnich, a wdro\u017cone standardy stanowi\u0105 praktyczne narz\u0119dzie do realizacji powy\u017cszego zadania i obowi\u0105zuj\u0105 od dnia publikacji.<\/p>\n<p><a href=\"https:\/\/sopockidomsopot.pl\/wp-content\/uploads\/2024\/08\/STANDARDY-OCHRONY-MALOLETNICH-W-PLACOWCE-WSPARCIA-DZIENNEGO-STOWARZYSZENIE-\u201eSOPOCKI-DOM-1-1.pdf\">1. STANDARDY OCHRONY MA\u0141OLETNICH W PLAC\u00d3WCE WSPARCIA DZIENNEGO STOWARZYSZENIE \u201eSOPOCKI DOM\u201d <\/a><\/p>\n<p><a href=\"https:\/\/sopockidomsopot.pl\/wp-content\/uploads\/2024\/08\/Standardy-Ochrony-Maloletnich-Wersja-krotka.docx\">2. Standardy Ochrony Ma\u0142oletnich &#8211; Wersja kr\u00f3tka dla dzieci<\/a><\/p>\n<p><img loading=\"lazy\" decoding=\"async\" class=\"alignnone size-medium wp-image-130\" src=\"https:\/\/sopockidomsopot.pl\/wp-content\/uploads\/2024\/08\/1723495409972-424x600.jpeg\" alt=\"\" width=\"424\" height=\"600\" srcset=\"https:\/\/sopockidomsopot.pl\/wp-content\/uploads\/2024\/08\/1723495409972-424x600.jpeg 424w, https:\/\/sopockidomsopot.pl\/wp-content\/uploads\/2024\/08\/1723495409972-848x1200.jpeg 848w, https:\/\/sopockidomsopot.pl\/wp-content\/uploads\/2024\/08\/1723495409972-768x1086.jpeg 768w, https:\/\/sopockidomsopot.pl\/wp-content\/uploads\/2024\/08\/1723495409972-1086x1536.jpeg 1086w, https:\/\/sopockidomsopot.pl\/wp-content\/uploads\/2024\/08\/1723495409972.jpeg 1414w\" sizes=\"auto, (max-width: 424px) 100vw, 424px\" \/><\/p>\n","protected":false},"excerpt":{"rendered":"<p>Standardy Ochrony Ma\u0142oletnich zosta\u0142y stworzone i wdro\u017cone w trosce o dobro i bezpiecze\u0144stwo ma\u0142oletnich w pe\u0142nym poszanowaniu ich praw i godno\u015bci. Procedura stanowi zbi\u00f3r zasad, norm i wytycznych maj\u0105cych na celu zagwarantowanie bezpiecze\u0144stwa oraz prawid\u0142owego rozwoju ma\u0142oletnich podopiecznych Stowarzyszenia \u201eSopocki Dom\u201d uczestnicz\u0105cych w realizowanych na terenie plac\u00f3wki dzia\u0142aniach i projektach. Wprowadzenie niniejszej procedury jest krokiem [&hellip;]<\/p>\n","protected":false},"author":2,"featured_media":0,"parent":0,"menu_order":0,"comment_status":"closed","ping_status":"closed","template":"","meta":{"footnotes":""},"class_list":["post-124","page","type-page","status-publish","hentry","post"],"_links":{"self":[{"href":"https:\/\/sopockidomsopot.pl\/index.php?rest_route=\/wp\/v2\/pages\/124","targetHints":{"allow":["GET"]}}],"collection":[{"href":"https:\/\/sopockidomsopot.pl\/index.php?rest_route=\/wp\/v2\/pages"}],"about":[{"href":"https:\/\/sopockidomsopot.pl\/index.php?rest_route=\/wp\/v2\/types\/page"}],"author":[{"embeddable":true,"href":"https:\/\/sopockidomsopot.pl\/index.php?rest_route=\/wp\/v2\/users\/2"}],"replies":[{"embeddable":true,"href":"https:\/\/sopockidomsopot.pl\/index.php?rest_route=%2Fwp%2Fv2%2Fcomments&post=124"}],"version-history":[{"count":8,"href":"https:\/\/sopockidomsopot.pl\/index.php?rest_route=\/wp\/v2\/pages\/124\/revisions"}],"predecessor-version":[{"id":138,"href":"https:\/\/sopockidomsopot.pl\/index.php?rest_route=\/wp\/v2\/pages\/124\/revisions\/138"}],"wp:attachment":[{"href":"https:\/\/sopockidomsopot.pl\/index.php?rest_route=%2Fwp%2Fv2%2Fmedia&parent=124"}],"curies":[{"name":"wp","href":"https:\/\/api.w.org\/{rel}","templated":true}]}}